{"id":600,"date":"2020-03-25T17:17:01","date_gmt":"2020-03-25T15:17:01","guid":{"rendered":"http:\/\/actiosalud.es\/index.php\/mi-cuenta\/"},"modified":"2020-03-25T20:03:00","modified_gmt":"2020-03-25T18:03:00","slug":"proteccion-de-datos","status":"publish","type":"page","link":"https:\/\/actiosalud.es\/index.php\/proteccion-de-datos\/","title":{"rendered":"Pol\u00edtica de privacidad"},"content":{"rendered":"<h2><span style=\"font-family: Helvetica; color: #967896;\">ENTIDAD QUE PUBLICA LA WEB<\/span><\/h2>\n<p><span style=\"font-family: Helvetica;\">VICTOR CALLAO BORDONABA.&nbsp;<\/span><\/p>\n<p><span style=\"font-family: Helvetica;\">CALLE RAM\u00d3N J. SENDER, 1 BAJOS, 50700 CASPE (ZARAGOZA). actiosalud@gmail.com.687426773<\/span><\/p>\n<p><span style=\"font-family: Helvetica;\">PROPIEDAD INTELECTUAL Y CONTENIDO<\/span><\/p>\n<p><span style=\"font-family: Helvetica;\">VICTOR CALLAO BORDONABA es la entidad propietaria de los nombres de dominio que identifican al sitio web y es titular del alojamiento de las p\u00e1ginas en el servidor oportuno, as\u00ed como de las cuentas de correo electr\u00f3nico que pertenezcan al dominio citado. As\u00ed mismo, es propietaria de los contenidos publicados, textos y fotograf\u00edas mientras no se indique diferente&nbsp; propiedad.<\/span><\/p>\n<p><span style=\"font-family: Helvetica;\">No est\u00e1 permitida la reproducci\u00f3n y\/o publicaci\u00f3n, total o parcial, del portal o sus contenidos, ni su tratamiento inform\u00e1tico, su distribuci\u00f3n, su difusi\u00f3n, ni su modificaci\u00f3n, transformaci\u00f3n, ni dem\u00e1s derechos reconocidos legalmente a sus titulares, sin el permiso previo, expreso y por escrito de los autores identificados o de VICTOR CALLAO BORDONABA.<\/span><\/p>\n<h2><span style=\"font-family: Helvetica; color: #967896;\">PROTECCI\u00d3N DE DATOS DE CAR\u00c1CTER PERSONAL<\/span><\/h2>\n<p>&nbsp;<\/p>\n<table width=\"652\">\n<tbody>\n<tr>\n<td colspan=\"2\" width=\"652\"><span style=\"font-family: Helvetica;\"><strong>INFORMACI\u00d3N B\u00c1SICA SOBRE PROTECCION DE DATOS<\/strong><\/span><\/td>\n<\/tr>\n<tr>\n<td width=\"173\"><span style=\"font-family: Helvetica;\">Responsable<\/span><\/td>\n<td width=\"479\"><span style=\"font-family: Helvetica;\">VICTOR CALLAO BORDONABA.<\/span><\/td>\n<\/tr>\n<tr>\n<td width=\"173\"><span style=\"font-family: Helvetica;\">Finalidad<\/span><\/td>\n<td width=\"479\"><span style=\"font-family: Helvetica;\">El mantenimiento de la comunicaci\u00f3n entre ambas partes, la resoluci\u00f3n de dudas y consultas planteadas, y para facilitar el acceso a nuestros clientes y contactos a informaci\u00f3n referente a nuestros servicios.<\/span><\/td>\n<\/tr>\n<tr>\n<td width=\"173\"><span style=\"font-family: Helvetica;\">Legitimaci\u00f3n<\/span><\/td>\n<td width=\"479\"><span style=\"font-family: Helvetica;\">Consentimiento del interesado o de su representante legal al rellenar el formulario de la petici\u00f3n o consulta que el mismo realiza, o al contactar a trav\u00e9s de cualquiera de los enlaces a correo electr\u00f3nico de contacto facilitados en la p\u00e1gina.<\/span><\/td>\n<\/tr>\n<tr>\n<td width=\"173\"><span style=\"font-family: Helvetica;\">Destinatarios<\/span><\/td>\n<td width=\"479\"><span style=\"font-family: Helvetica;\">Los datos personales que usted ha facilitado tienen como \u00fanico destinatario a VICTOR CALLAO BORDONABA.<\/span><\/p>\n<p><span style=\"font-family: Helvetica;\">No se prev\u00e9n cesiones de datos.<\/span><\/p>\n<p><span style=\"font-family: Helvetica;\">No se prev\u00e9 la transferencia internacional de sus datos personales.<\/span><\/td>\n<\/tr>\n<tr>\n<td width=\"173\"><span style=\"font-family: Helvetica;\">Derechos<\/span><\/td>\n<td width=\"479\"><span style=\"font-family: Helvetica;\">Tiene derecho a acceder, rectificar y suprimir los datos, as\u00ed como otros derechos, como se explica en la informaci\u00f3n adicional, contactando con VICTOR CALLAO BORDONABA CALLE RAM\u00d3N J. SENDER, 1 BAJOS, 50700 CASPE (ZARAGOZA), actiosalud@gmail.com<\/span><\/td>\n<\/tr>\n<tr>\n<td width=\"173\"><span style=\"font-family: Helvetica;\">Informaci\u00f3n Adicional<\/span><\/td>\n<td width=\"479\"><span style=\"font-family: Helvetica;\">Puede consultar la informaci\u00f3n adicional sobre Protecci\u00f3n de Datos en: www.infoprotecciondatos.eu\/P31572018<\/span><\/td>\n<\/tr>\n<\/tbody>\n<\/table>\n<p><span style=\"font-family: Helvetica;\">El interesado reconoce la recepci\u00f3n de esta informaci\u00f3n procedente de parte de VICTOR CALLAO BORDONABA, y ha le\u00eddo la informaci\u00f3n adicional sobre el tratamiento de sus datos personales.<\/span><\/p>\n<h2><span style=\"font-family: Helvetica; color: #967896;\">INFORMACI\u00d3N ADICIONAL SOBRE PROTECCI\u00d3N DE DATOS<\/span><\/h2>\n<ul>\n<li><span style=\"font-family: Helvetica;\"><u>\u00bfQui\u00e9n es el Responsable del tratamiento de sus datos personales?<\/u><\/span><\/li>\n<\/ul>\n<p><span style=\"font-family: Helvetica;\">Identidad: VICTOR CALLAO BORDONABA.<\/span><\/p>\n<p><span style=\"font-family: Helvetica;\">Direcci\u00f3n Postal: CALLE RAM\u00d3N J. SENDER, 1 BAJOS, 50700 CASPE (ZARAGOZA).<\/span><\/p>\n<p><span style=\"font-family: Helvetica;\">Correo electr\u00f3nico: actiosalud@gmail.com<\/span><\/p>\n<ul>\n<li><span style=\"font-family: Helvetica;\"><u>\u00bfCon qu\u00e9 finalidad tratamos sus datos personales?<\/u><\/span><\/li>\n<\/ul>\n<p><span style=\"font-family: Helvetica;\">VICTOR CALLAO BORDONABA trata la informaci\u00f3n que nos facilitan las personas interesadas con el fin de mantener la comunicaci\u00f3n entre ambas partes, la resoluci\u00f3n de dudas y consultas planteadas.<\/span><\/p>\n<ul>\n<li><span style=\"font-family: Helvetica;\"><u>\u00bfPor cu\u00e1nto tiempo conservaremos sus datos?<\/u><\/span><\/li>\n<\/ul>\n<p><span style=\"font-family: Helvetica;\">Los datos personales proporcionados se conservar\u00e1n durante un tiempo prudencial desde la respuesta a su consulta o petici\u00f3n y se eliminar\u00e1n <strong>cuando hayan dejado de ser necesarios para los fines que motivaron su recogida.<\/strong><\/span><\/p>\n<p><span style=\"font-family: Helvetica;\"><strong>Si el interesado ha autorizado el uso de su informaci\u00f3n de contacto para fines de recepci\u00f3n de informaci\u00f3n comercial, estos datos ser\u00e1n conservados mientras no se manifieste el deseo de exclusi\u00f3n de las listas de distribuci\u00f3n comerciales.<\/strong><\/span><\/p>\n<ul>\n<li><span style=\"font-family: Helvetica;\"><u>\u00bfCu\u00e1l es la legitimaci\u00f3n para el tratamiento de sus datos personales?<\/u><\/span><\/li>\n<\/ul>\n<p><span style=\"font-family: Helvetica;\">La base legal para el tratamiento de sus datos personales es el consentimiento del interesado o de su representante legal al rellenar el formulario de la petici\u00f3n o consulta que el mismo realiza, o al contactar a trav\u00e9s de cualquiera de los enlaces a correo electr\u00f3nico de contacto facilitados en la p\u00e1gina.<\/span><\/p>\n<ul>\n<li><span style=\"font-family: Helvetica;\"><u>\u00bfSe comunicar\u00e1n sus datos a terceros?<\/u><\/span><\/li>\n<\/ul>\n<p><span style=\"font-family: Helvetica;\">No. Los datos que usted ha proporcionado tienen como&nbsp; destinatario a VICTOR CALLAO BORDONABA.<\/span><\/p>\n<p><span style=\"font-family: Helvetica;\">No se prev\u00e9 la transferencia internacional de sus datos personales.<\/span><\/p>\n<p><span style=\"font-family: Helvetica;\">VICTOR CALLAO BORDONABA mantiene contratados servicios de hosting web y webmail con proveedores especializados. Ello supone que los datos de env\u00edos telem\u00e1ticos en alg\u00fan momento se almacenar\u00e1n en estos servidores de terceros con los que VICTOR CALLAO BORDONABA tiene firmados las correspondientes cl\u00e1usulas de confidencialidad.<\/span><\/p>\n<ul>\n<li><span style=\"font-family: Helvetica;\"><u>\u00bfCu\u00e1les son sus derechos cuando nos facilita sus datos?<\/u><\/span><\/li>\n<\/ul>\n<p><span style=\"font-family: Helvetica;\">Las personas interesadas tienen derecho a <strong>acceder<\/strong> a sus datos personales, as\u00ed como a solicitar la <strong>rectificaci\u00f3<\/strong>n de los datos inexactos o, en su caso, solicitar su <strong>supresi\u00f3n<\/strong> cuando, entre otros motivos, los datos ya no sean necesarios para los fines que fueron recogidos. Adem\u00e1s tendr\u00e1n derecho a solicitar la <strong>limitaci\u00f3n<\/strong> de su tratamiento y a <strong>oponerse<\/strong> a este y tambi\u00e9n tendr\u00e1n derecho a la <strong>portabilidad<\/strong> de sus datos personales conforme a lo establecido en el Reglamento de Protecci\u00f3n de Datos sancionado por la Uni\u00f3n Europea.<\/span><\/p>\n<p><span style=\"font-family: Helvetica;\">En determinadas circunstancias, los interesados podr\u00e1n solicitar la limitaci\u00f3n del tratamiento de sus datos, en cuyo caso \u00fanicamente los conservaremos para el ejercicio o la defensa de reclamaciones.<\/span><\/p>\n<p><span style=\"font-family: Helvetica;\">En determinadas circunstancias y por motivos relacionados con su situaci\u00f3n particular, los interesados podr\u00e1n oponerse al tratamiento de sus datos. VICTOR CALLAO BORDONABA dejar\u00e1 de tratar los datos, salvo por motivos leg\u00edtimos o el ejercicio o la defensa de posibles reclamaciones.<\/span><\/p>\n<p><span style=\"font-family: Helvetica;\">Para el ejercicio de los derechos establecidos por la ley y los cu\u00e1les han sido descritos anteriormente, hay que dirigirse por escrito a VICTOR CALLAO BORDONABA CALLE RAM\u00d3N J. SENDER, 1 BAJOS, 50700 CASPE (ZARAGOZA), actiosalud@gmail.com.<\/span><\/p>\n<p><span style=\"font-family: Helvetica;\">Si el interesado lo solicita, VICTOR CALLAO BORDONABA le facilitar\u00e1 el formulario correspondiente para ejercer cualquiera de sus derechos.<\/span><\/p>\n<p><span style=\"font-family: Helvetica;\">Adem\u00e1s, aquellos interesados que deseen saber m\u00e1s informaci\u00f3n sobre sus derechos podr\u00e1n obtenerla llamando a los tel\u00e9fonos 901.100.099 \/ 91.266.35.17 de la Agencia Espa\u00f1ola de Protecci\u00f3n de Datos o en su p\u00e1gina web, en el siguiente enlace:<\/span><\/p>\n<p><span style=\"font-family: Helvetica;\">http:\/\/www.agpd.es\/portalwebAGPD\/CanalDelCiudadano\/derechos\/index-ides-idphp.php<\/span><\/p>\n<p><span style=\"font-family: Helvetica;\">Asimismo, todos aquellos interesados que no hayan obtenido satisfacci\u00f3n en el ejercicio de sus derechos podr\u00e1n presentar una reclamaci\u00f3n ante la Agencia Espa\u00f1ola de Protecci\u00f3n de Datos, situada en la calle Jorge Juan, 6 28001-Madrid. www.agpd.es.<\/span><\/p>\n<h2><span style=\"font-family: Helvetica; color: #967896;\">LEY DE LA SOCIEDAD DE LA INFORMACI\u00d3N Y COMERCIO ELECTR\u00d3NICO<\/span><\/h2>\n<p><span style=\"font-family: Helvetica;\">En cumplimiento de la Ley 34\/2002 de 11 de Julio, de Servicios de la Sociedad de la Informaci\u00f3n&nbsp; y de Comercio Electr\u00f3nico, y la Ley 32\/2003, de 3 de noviembre, General de Telecomunicaciones se informa a los usuarios que el env\u00edo de los formularios o correos electr\u00f3nicos implicar\u00e1 el consentimiento expreso para recibir comunicaciones comerciales de VICTOR CALLAO BORDONABA mediante correo electr\u00f3nico o cualquier otro medio electr\u00f3nico de comunicaci\u00f3n. No obstante, sino desea seguir recibiendo comunicaciones comerciales puede comunicarlo en C\/ ISABEL LA CATOLICA, 1 BAJOS, 50700, CASPE, actiosalud@gmail.com.<\/span><\/p>\n<h2><span style=\"font-family: Helvetica; color: #967896;\">POL\u00cdTICA DE COOKIES DEL SITIO WEB<\/span><\/h2>\n<h3><span style=\"font-family: Helvetica;\">\u00bfQu\u00e9 son las cookies?<\/span><\/h3>\n<p><span style=\"font-family: Helvetica;\">Una cookie es un fichero que se descarga en su ordenador al acceder a determinadas p\u00e1ginas web. Las cookies permiten a una p\u00e1gina web, entre otras cosas, almacenar y recuperar informaci\u00f3n sobre los h\u00e1bitos de navegaci\u00f3n de un usuario o de su equipo y, dependiendo de la informaci\u00f3n que contengan y de la forma en que utilice su equipo, pueden utilizarse para reconocer al usuario.<\/span><\/p>\n<h3><span style=\"font-family: Helvetica;\">\u00bfQu\u00e9 tipos de cookies utiliza esta p\u00e1gina web?<\/span><\/h3>\n<ul>\n<li><span style=\"font-family: Helvetica;\">Cookies de an\u00e1lisis: Son aqu\u00e9llas que bien tratadas por nosotros o por terceros, nos permiten cuantificar el n\u00famero de usuarios y as\u00ed realizar la medici\u00f3n y an\u00e1lisis estad\u00edstico de la utilizaci\u00f3n que hacen los usuarios del servicio ofertado. Para ello se analiza su navegaci\u00f3n en nuestra p\u00e1gina web con el fin de mejorar la oferta de productos o servicios que le ofrecemos.<\/span><\/li>\n<li><span style=\"font-family: Helvetica;\">Cookies publicitarias: Este sitio no instala este tipo de cookies. Son aqu\u00e9llas que, bien tratadas por nosotros o por terceros, nos permiten gestionar de la forma m\u00e1s eficaz posible la oferta de los espacios publicitarios que hay en la p\u00e1gina web, adecuando el contenido del anuncio al contenido del servicio solicitado o al uso que realice de nuestra p\u00e1gina web. Para ello podemos analizar sus h\u00e1bitos de navegaci\u00f3n en Internet y podemos mostrarle publicidad relacionada con su perfil de navegaci\u00f3n.<\/span><\/li>\n<\/ul>\n<p><span style=\"font-family: Helvetica;\">Puede comprobarlo en <a href=\"https:\/\/es.wikihow.com\/ver-las-cookies\">https:\/\/es.wikihow.com\/ver-las-cookies<\/a><\/span><\/p>\n<h3><span style=\"font-family: Helvetica;\">Aprenda a bloquear las cookies<\/span><\/h3>\n<p><span style=\"font-family: Helvetica;\">Puede usted permitir, bloquear o eliminar las cookies instaladas en su equipo mediante la configuraci\u00f3n de las opciones del navegador instalado en su ordenador.<\/span><\/p>\n<p><span style=\"font-family: Helvetica;\">NAVEGADOR &nbsp;&nbsp;&nbsp;&nbsp;&nbsp;&nbsp;&nbsp;&nbsp;&nbsp;&nbsp;&nbsp;&nbsp;&nbsp;&nbsp;&nbsp;&nbsp;&nbsp;&nbsp;&nbsp;&nbsp;&nbsp;&nbsp;&nbsp;&nbsp;&nbsp;&nbsp;&nbsp;&nbsp;&nbsp;&nbsp;&nbsp;&nbsp;&nbsp;&nbsp;&nbsp;&nbsp;&nbsp;&nbsp; MANUAL COOKIES (enlace externo)<\/span><\/p>\n<p><span style=\"font-family: Helvetica;\">Internet Explorer &nbsp;&nbsp;&nbsp;&nbsp;&nbsp;&nbsp;&nbsp;&nbsp;&nbsp;&nbsp;&nbsp;&nbsp;&nbsp;&nbsp;&nbsp;&nbsp;&nbsp;&nbsp;&nbsp;&nbsp;&nbsp;&nbsp;&nbsp;&nbsp;&nbsp;&nbsp;&nbsp;&nbsp;&nbsp;&nbsp;&nbsp; http:\/\/windows.microsoft.com\/es-es\/windows-vista\/block-or-allow-cookies<\/span><\/p>\n<p><span style=\"font-family: Helvetica;\">Firefox &nbsp;&nbsp;&nbsp;&nbsp;&nbsp;&nbsp;&nbsp;&nbsp;&nbsp;&nbsp;&nbsp;&nbsp;&nbsp;&nbsp;&nbsp;&nbsp;&nbsp;&nbsp;&nbsp;&nbsp;&nbsp;&nbsp;&nbsp;&nbsp;&nbsp;&nbsp;&nbsp;&nbsp;&nbsp;&nbsp;&nbsp;&nbsp;&nbsp;&nbsp;&nbsp;&nbsp;&nbsp;&nbsp;&nbsp;&nbsp;&nbsp;&nbsp;&nbsp;&nbsp;&nbsp;&nbsp;&nbsp;&nbsp;&nbsp; https:\/\/support.mozilla.org\/es\/kb\/habilitar-y-deshabilitar-cookies-que-los-sitios-we<\/span><\/p>\n<p><span style=\"font-family: Helvetica;\">Chrome &nbsp;&nbsp;&nbsp;&nbsp;&nbsp;&nbsp;&nbsp;&nbsp;&nbsp;&nbsp;&nbsp;&nbsp;&nbsp;&nbsp;&nbsp;&nbsp;&nbsp;&nbsp;&nbsp;&nbsp;&nbsp;&nbsp;&nbsp;&nbsp;&nbsp;&nbsp;&nbsp;&nbsp;&nbsp;&nbsp;&nbsp;&nbsp;&nbsp;&nbsp;&nbsp;&nbsp;&nbsp;&nbsp;&nbsp;&nbsp;&nbsp;&nbsp;&nbsp;&nbsp;&nbsp;&nbsp;&nbsp; https:\/\/support.google.com\/chrome\/answer\/95647?hl=es<\/span><\/p>\n<p><span style=\"font-family: Helvetica;\">Netscape &nbsp;&nbsp;&nbsp;&nbsp;&nbsp;&nbsp;&nbsp;&nbsp;&nbsp;&nbsp;&nbsp;&nbsp;&nbsp;&nbsp;&nbsp;&nbsp;&nbsp;&nbsp;&nbsp;&nbsp;&nbsp;&nbsp;&nbsp;&nbsp;&nbsp;&nbsp;&nbsp;&nbsp;&nbsp;&nbsp;&nbsp;&nbsp;&nbsp;&nbsp;&nbsp;&nbsp;&nbsp;&nbsp;&nbsp;&nbsp;&nbsp;&nbsp;&nbsp;&nbsp; http:\/\/www.netfaqs.com\/espanol\/Navegador\/Net6\/Index.asp<\/span><\/p>\n<p><span style=\"font-family: Helvetica;\">Opera &nbsp;&nbsp;&nbsp;&nbsp;&nbsp;&nbsp;&nbsp;&nbsp;&nbsp;&nbsp;&nbsp;&nbsp;&nbsp;&nbsp;&nbsp;&nbsp;&nbsp;&nbsp;&nbsp;&nbsp;&nbsp;&nbsp;&nbsp;&nbsp;&nbsp;&nbsp;&nbsp;&nbsp;&nbsp;&nbsp;&nbsp;&nbsp;&nbsp;&nbsp;&nbsp;&nbsp;&nbsp;&nbsp;&nbsp;&nbsp;&nbsp;&nbsp;&nbsp;&nbsp;&nbsp;&nbsp;&nbsp;&nbsp;&nbsp;&nbsp; http:\/\/help.opera.com\/Windows\/11.50\/es-ES\/cookies.html<\/span><\/p>\n<p><span style=\"font-family: Helvetica;\">Safari &nbsp;&nbsp;&nbsp;&nbsp;&nbsp;&nbsp;&nbsp;&nbsp;&nbsp;&nbsp;&nbsp;&nbsp;&nbsp;&nbsp;&nbsp;&nbsp;&nbsp;&nbsp;&nbsp;&nbsp;&nbsp;&nbsp;&nbsp;&nbsp;&nbsp;&nbsp;&nbsp;&nbsp;&nbsp;&nbsp;&nbsp;&nbsp;&nbsp;&nbsp;&nbsp;&nbsp;&nbsp;&nbsp;&nbsp;&nbsp;&nbsp;&nbsp;&nbsp;&nbsp;&nbsp;&nbsp;&nbsp;&nbsp;&nbsp;&nbsp;&nbsp; http:\/\/www.apple.com\/es\/privacy\/use-of-cookies\/<\/span><\/p>\n<h2><span style=\"font-family: Helvetica; color: #967896;\">LEGISLACI\u00d3N APLICABLE<\/span><\/h2>\n<p><span style=\"font-family: Helvetica;\">Toda la controversia surgida de la interpretaci\u00f3n del presente \u201cAviso Legal\u201d se regir\u00e1 por la legislaci\u00f3n espa\u00f1ola, en concreto a la jurisdicci\u00f3n de los Juzgados y Tribunales de CASPE.<\/span><\/p>\n<!-- AddThis Advanced Settings generic via filter on the_content --><!-- AddThis Share Buttons generic via filter on the_content -->","protected":false},"excerpt":{"rendered":"<p> [&hellip;]<!-- AddThis Advanced Settings generic via filter on get_the_excerpt --><!-- AddThis Share Buttons generic via filter on get_the_excerpt --><\/p>\n","protected":false},"author":1,"featured_media":0,"parent":0,"menu_order":800,"comment_status":"closed","ping_status":"closed","template":"","meta":{"_uag_custom_page_level_css":"","ngg_post_thumbnail":0,"footnotes":""},"class_list":["post-600","page","type-page","status-publish","hentry"],"uagb_featured_image_src":{"full":false,"thumbnail":false,"medium":false,"medium_large":false,"large":false,"1536x1536":false,"2048x2048":false,"wpca-thumb":false,"bizberg_medium":false,"bizberg_gallery":false,"bizberg_blog_list":false,"bizberg_detail_image":false,"bizberg_detail_image_no_sidebar":false,"bizberg_portfolio_homepage":false,"bizberg_blog_list_no_sidebar_1":false},"uagb_author_info":{"display_name":"vcallao","author_link":"https:\/\/actiosalud.es\/index.php\/author\/vcallao\/"},"uagb_comment_info":0,"uagb_excerpt":"[&hellip;]","_links":{"self":[{"href":"https:\/\/actiosalud.es\/index.php\/wp-json\/wp\/v2\/pages\/600","targetHints":{"allow":["GET"]}}],"collection":[{"href":"https:\/\/actiosalud.es\/index.php\/wp-json\/wp\/v2\/pages"}],"about":[{"href":"https:\/\/actiosalud.es\/index.php\/wp-json\/wp\/v2\/types\/page"}],"author":[{"embeddable":true,"href":"https:\/\/actiosalud.es\/index.php\/wp-json\/wp\/v2\/users\/1"}],"replies":[{"embeddable":true,"href":"https:\/\/actiosalud.es\/index.php\/wp-json\/wp\/v2\/comments?post=600"}],"version-history":[{"count":5,"href":"https:\/\/actiosalud.es\/index.php\/wp-json\/wp\/v2\/pages\/600\/revisions"}],"predecessor-version":[{"id":624,"href":"https:\/\/actiosalud.es\/index.php\/wp-json\/wp\/v2\/pages\/600\/revisions\/624"}],"wp:attachment":[{"href":"https:\/\/actiosalud.es\/index.php\/wp-json\/wp\/v2\/media?parent=600"}],"curies":[{"name":"wp","href":"https:\/\/api.w.org\/{rel}","templated":true}]}}